{"id":694,"date":"2022-03-01T18:58:31","date_gmt":"2022-03-01T18:58:31","guid":{"rendered":"https:\/\/rb-pro.pl\/webinaria\/?page_id=694"},"modified":"2022-03-01T18:58:31","modified_gmt":"2022-03-01T18:58:31","slug":"strach-i-lek-pro","status":"publish","type":"page","link":"https:\/\/rb-pro.pl\/webinaria\/strach-i-lek-pro\/","title":{"rendered":"Strach i l\u0119k (pro)"},"content":{"rendered":"<p>[et_pb_section fb_built=&#8221;1&#8243; admin_label=&#8221;Features&#8221; _builder_version=&#8221;3.22&#8243; custom_padding=&#8221;2px|0px|13px|0px||&#8221; global_colors_info=&#8221;{}&#8221; theme_builder_area=&#8221;post_content&#8221;][et_pb_row column_structure=&#8221;1_2,1_2&#8243; _builder_version=&#8221;3.25&#8243; custom_padding=&#8221;27px|0px|27px|0px&#8221; global_colors_info=&#8221;{}&#8221; theme_builder_area=&#8221;post_content&#8221;][et_pb_column type=&#8221;1_2&#8243; _builder_version=&#8221;3.25&#8243; custom_padding=&#8221;|||&#8221; global_colors_info=&#8221;{}&#8221; custom_padding__hover=&#8221;|||&#8221; theme_builder_area=&#8221;post_content&#8221;][et_pb_text _builder_version=&#8221;4.9.6&#8243; text_font=&#8221;||||||||&#8221; text_font_size=&#8221;16px&#8221; text_line_height=&#8221;1.8em&#8221; header_font=&#8221;||||||||&#8221; header_2_font=&#8221;Poppins||||||||&#8221; header_2_font_size=&#8221;28px&#8221; header_2_line_height=&#8221;1.4em&#8221; header_3_font=&#8221;||||||||&#8221; text_orientation=&#8221;center&#8221; max_width=&#8221;700px&#8221; module_alignment=&#8221;center&#8221; global_colors_info=&#8221;{}&#8221; theme_builder_area=&#8221;post_content&#8221;]<\/p>\n<h2 style=\"text-align: left;\"><b>Strach i l\u0119k<\/b><\/h2>\n<p style=\"text-align: left;\"><span style=\"font-weight: 400;\">Nagranie webinarium<\/span><\/p>\n<p style=\"text-align: left;\"><b>Strach jest wa\u017cn\u0105 emocj\u0105, kt\u00f3rej cz\u0119sto do\u015bwiadczamy. Umiej\u0119tno\u015b\u0107 jej obs\u0142ugiwania bardzo nam pomaga w \u017cyciu. Cz\u0119sto okazuje si\u0119, \u017ce pod spodem r\u00f3\u017cnych trudno\u015bci, zar\u00f3wno profesjonalist\u00f3w, jak i ich klient\u00f3w, kryje si\u0119 strach. Dlatego narz\u0119dzia, kt\u00f3re s\u0142u\u017c\u0105 do identyfikowania tego strachu i opiekowania si\u0119 nim mog\u0105 bardzo wesprze\u0107 nas w pracy z lud\u017ami.<\/b><\/p>\n<p style=\"text-align: left;\"><span style=\"font-weight: 400;\">Tematy, kt\u00f3re poruszymy podczas webinarium:<\/span><\/p>\n<ul>\n<ul>\n<ul>\n<li style=\"font-weight: 400; text-align: left;\" aria-level=\"1\"><span style=\"font-weight: 400;\">Jak nie ba\u0107 si\u0119 l\u0119ku i strachu?<\/span><\/li>\n<li style=\"font-weight: 400; text-align: left;\" aria-level=\"1\"><span style=\"font-weight: 400;\">Jak si\u0119 opiekowa\u0107 w\u0142asnym strachem?<\/span><\/li>\n<li style=\"font-weight: 400; text-align: left;\" aria-level=\"1\"><span style=\"font-weight: 400;\">Jak si\u0119 opiekowa\u0107 strachem klienta?<\/span><\/li>\n<li style=\"font-weight: 400; text-align: left;\" aria-level=\"1\"><span style=\"font-weight: 400;\">Jak budowa\u0107 bezpieczne miejsce do przygl\u0105dania si\u0119 strachowi z ciekawo\u015bci\u0105?<\/span><\/li>\n<li style=\"font-weight: 400; text-align: left;\" aria-level=\"1\"><span style=\"font-weight: 400;\">Strach jako cz\u0119\u015b\u0107 wsp\u00f3lnego cz\u0142owiecze\u0144stwa<\/span><\/li>\n<li style=\"font-weight: 400; text-align: left;\" aria-level=\"1\"><span style=\"font-weight: 400;\">Konkretne narz\u0119dzia do przygl\u0105dania si\u0119 strachowi i opiekowania si\u0119 nim<\/span><\/li>\n<\/ul>\n<\/ul>\n<\/ul>\n<p>[\/et_pb_text][\/et_pb_column][et_pb_column type=&#8221;1_2&#8243; _builder_version=&#8221;3.25&#8243; custom_padding=&#8221;|||&#8221; global_colors_info=&#8221;{}&#8221; custom_padding__hover=&#8221;|||&#8221; theme_builder_area=&#8221;post_content&#8221;][et_pb_image src=&#8221;https:\/\/rb-pro.pl\/webinaria\/wp-content\/uploads\/2021\/06\/RBRPO-Lato-2.png&#8221; title_text=&#8221;RBRPO Lato (2)&#8221; _builder_version=&#8221;4.9.6&#8243; _module_preset=&#8221;default&#8221; global_colors_info=&#8221;{}&#8221; theme_builder_area=&#8221;post_content&#8221;][\/et_pb_image][\/et_pb_column][\/et_pb_row][\/et_pb_section][et_pb_section fb_built=&#8221;1&#8243; admin_label=&#8221;Service Section&#8221; _builder_version=&#8221;3.22&#8243; custom_margin=&#8221;|||&#8221; custom_padding=&#8221;18px||110px|||&#8221; global_colors_info=&#8221;{}&#8221; theme_builder_area=&#8221;post_content&#8221;][et_pb_row column_structure=&#8221;1_2,1_2&#8243; _builder_version=&#8221;4.9.4&#8243; background_size=&#8221;initial&#8221; background_position=&#8221;top_left&#8221; background_repeat=&#8221;repeat&#8221; custom_padding=&#8221;||15px|&#8221; saved_tabs=&#8221;all&#8221; global_colors_info=&#8221;{}&#8221; theme_builder_area=&#8221;post_content&#8221;][et_pb_column type=&#8221;1_2&#8243; _builder_version=&#8221;3.25&#8243; custom_padding=&#8221;|||&#8221; global_colors_info=&#8221;{}&#8221; custom_padding__hover=&#8221;|||&#8221; theme_builder_area=&#8221;post_content&#8221;][et_pb_team_member name=&#8221;Agnieszka Stein&#8221; image_url=&#8221;https:\/\/rb-pro.pl\/webinaria\/wp-content\/uploads\/2021\/06\/AS-569-1-2.jpg&#8221; _builder_version=&#8221;4.9.6&#8243; header_font=&#8221;Montserrat|on|||&#8221; header_text_color=&#8221;#353740&#8243; header_font_size=&#8221;22px&#8221; header_line_height=&#8221;1.4em&#8221; body_font=&#8221;Montserrat||||&#8221; body_text_color=&#8221;#747d88&#8243; body_font_size=&#8221;16px&#8221; background_size=&#8221;initial&#8221; background_position=&#8221;top_left&#8221; background_repeat=&#8221;repeat&#8221; text_orientation=&#8221;left&#8221; custom_margin=&#8221;|||&#8221; custom_padding=&#8221;|||&#8221; animation_style=&#8221;fade&#8221; global_colors_info=&#8221;{}&#8221; theme_builder_area=&#8221;post_content&#8221;]<\/p>\n<p>Jestem psychologiem i autork\u0105 ksi\u0105\u017cek dla rodzic\u00f3w. Od 1999 roku udzielam indywidualnych konsultacji w sytuacjach w\u0105tpliwo\u015bci wychowawczych, pomagam w rozpoznawaniu wyzwa\u0144 rozwojowych i podpowiada, jak wspiera\u0107 dzieci przechodz\u0105ce przez r\u00f3\u017cne trudne dla nich sytuacje. Wspieram psycholog\u00f3w, terapeut\u00f3w i nauczycieli w ich relacjach z dzie\u0107mi i rodzicami. Prowadz\u0119 warsztaty, superwizje i konsultacje. Pracuj\u0119 w Bliskim Miejscu w Warszawie. Wspieram profesjonalist\u00f3w w ramach projektu RB PRO (Rodzicielstwo blisko\u015bci dla profesjonalist\u00f3w).<\/p>\n<p>[\/et_pb_team_member][\/et_pb_column][et_pb_column type=&#8221;1_2&#8243; _builder_version=&#8221;3.25&#8243; custom_padding=&#8221;|||&#8221; global_colors_info=&#8221;{}&#8221; custom_padding__hover=&#8221;|||&#8221; theme_builder_area=&#8221;post_content&#8221;][et_pb_team_member name=&#8221;Gosia Sta\u0144czyk&#8221; image_url=&#8221;https:\/\/rb-pro.pl\/webinaria\/wp-content\/uploads\/2021\/06\/Zrzut-ekranu-2018-06-02-o-20.51.54.png&#8221; _builder_version=&#8221;4.9.6&#8243; header_font=&#8221;Montserrat|on|||&#8221; header_text_color=&#8221;#353740&#8243; header_font_size=&#8221;22px&#8221; header_line_height=&#8221;1.4em&#8221; body_font=&#8221;Montserrat||||&#8221; body_text_color=&#8221;#747d88&#8243; body_font_size=&#8221;16px&#8221; background_size=&#8221;initial&#8221; background_position=&#8221;top_left&#8221; background_repeat=&#8221;repeat&#8221; text_orientation=&#8221;left&#8221; custom_margin=&#8221;|||&#8221; custom_padding=&#8221;|||&#8221; animation_style=&#8221;fade&#8221; animation_delay=&#8221;100ms&#8221; locked=&#8221;off&#8221; global_colors_info=&#8221;{}&#8221; theme_builder_area=&#8221;post_content&#8221;]<\/p>\n<p>Jestem psychologiem, mam\u0105 trojga dzieci. Wspieram rodzic\u00f3w i nauczycieli w poszukiwaniu wiedzy, narz\u0119dzi i sposob\u00f3w na satysfakcjonuj\u0105cy, oparty na szacunku kontakt z dzie\u0107mi. Udzielam konsultacji psychologicznych w Bliskim Miejscu w Warszawie, prowadz\u0119 warsztaty dla rodzic\u00f3w, webinaria i superwizyjne spotkania dla nauczycieli. Jestem autork\u0105 ksi\u0105\u017cki \u201eRodze\u0144stwo\u201d. Pisz\u0119 blog po\u015bwi\u0119cony sprawom rodzicielstwa i rozwoju: gosiastanczyk.pl<\/p>\n<p>[\/et_pb_team_member][\/et_pb_column][\/et_pb_row][\/et_pb_section][et_pb_section fb_built=&#8221;1&#8243; module_id=&#8221;zapis&#8221; _builder_version=&#8221;4.9.6&#8243; _module_preset=&#8221;default&#8221; global_colors_info=&#8221;{}&#8221; theme_builder_area=&#8221;post_content&#8221;][et_pb_row _builder_version=&#8221;4.8.2&#8243; _module_preset=&#8221;default&#8221; global_colors_info=&#8221;{}&#8221; theme_builder_area=&#8221;post_content&#8221;][et_pb_column type=&#8221;4_4&#8243; _builder_version=&#8221;4.8.2&#8243; _module_preset=&#8221;default&#8221; global_colors_info=&#8221;{}&#8221; theme_builder_area=&#8221;post_content&#8221;][et_pb_pricing_tables _builder_version=&#8221;4.14.8&#8243; _module_preset=&#8221;default&#8221; hover_enabled=&#8221;0&#8243; global_colors_info=&#8221;{}&#8221; theme_builder_area=&#8221;post_content&#8221; sticky_enabled=&#8221;0&#8243;][et_pb_pricing_table featured=&#8221;on&#8221; title=&#8221;Zapisuj\u0119 si\u0119 na pojedyncze webinarium&#8221; subtitle=&#8221;Strach i l\u0119k&#8221; sum=&#8221;49 z\u0142&#8221; button_url=&#8221;https:\/\/gosiastanczyk.pl\/sklep\/?add-to-cart=21030&#8243; button_text=&#8221;Kup teraz&#8221; bullet_color=&#8221;RGBA(0,0,0,0)&#8221; _builder_version=&#8221;4.14.8&#8243; _module_preset=&#8221;default&#8221; price_text_align=&#8221;center&#8221; excluded_text_align=&#8221;left&#8221; hover_enabled=&#8221;0&#8243; global_colors_info=&#8221;{}&#8221; sticky_transition=&#8221;on&#8221; theme_builder_area=&#8221;post_content&#8221; sticky_enabled=&#8221;0&#8243;]<\/p>\n<p>Webinarium Strach i l\u0119k<br \/>Dost\u0119p do nagrania<br \/>Wersja mp3 nagra\u0144<\/p>\n<p>&nbsp;<\/p>\n<p>[\/et_pb_pricing_table][\/et_pb_pricing_tables][\/et_pb_column][\/et_pb_row][\/et_pb_section]<\/p>\n","protected":false},"excerpt":{"rendered":"<p>Strach i l\u0119k Nagranie webinarium Strach jest wa\u017cn\u0105 emocj\u0105, kt\u00f3rej cz\u0119sto do\u015bwiadczamy. Umiej\u0119tno\u015b\u0107 jej obs\u0142ugiwania bardzo nam pomaga w \u017cyciu. Cz\u0119sto okazuje si\u0119, \u017ce pod spodem r\u00f3\u017cnych trudno\u015bci, zar\u00f3wno profesjonalist\u00f3w, jak i ich klient\u00f3w, kryje si\u0119 strach. Dlatego narz\u0119dzia, kt\u00f3re s\u0142u\u017c\u0105 do identyfikowania tego strachu i opiekowania si\u0119 nim mog\u0105 bardzo wesprze\u0107 nas w pracy [&hellip;]<\/p>\n","protected":false},"author":1,"featured_media":0,"parent":0,"menu_order":0,"comment_status":"closed","ping_status":"closed","template":"page-template-blank.php","meta":{"_et_pb_use_builder":"on","_et_pb_old_content":"","_et_gb_content_width":"","_mi_skip_tracking":false,"_monsterinsights_sitenote_active":false,"_monsterinsights_sitenote_note":"","_monsterinsights_sitenote_category":0,"footnotes":""},"_links":{"self":[{"href":"https:\/\/rb-pro.pl\/webinaria\/wp-json\/wp\/v2\/pages\/694"}],"collection":[{"href":"https:\/\/rb-pro.pl\/webinaria\/wp-json\/wp\/v2\/pages"}],"about":[{"href":"https:\/\/rb-pro.pl\/webinaria\/wp-json\/wp\/v2\/types\/page"}],"author":[{"embeddable":true,"href":"https:\/\/rb-pro.pl\/webinaria\/wp-json\/wp\/v2\/users\/1"}],"replies":[{"embeddable":true,"href":"https:\/\/rb-pro.pl\/webinaria\/wp-json\/wp\/v2\/comments?post=694"}],"version-history":[{"count":2,"href":"https:\/\/rb-pro.pl\/webinaria\/wp-json\/wp\/v2\/pages\/694\/revisions"}],"predecessor-version":[{"id":696,"href":"https:\/\/rb-pro.pl\/webinaria\/wp-json\/wp\/v2\/pages\/694\/revisions\/696"}],"wp:attachment":[{"href":"https:\/\/rb-pro.pl\/webinaria\/wp-json\/wp\/v2\/media?parent=694"}],"curies":[{"name":"wp","href":"https:\/\/api.w.org\/{rel}","templated":true}]}}