{"id":502,"date":"2020-08-01T11:19:25","date_gmt":"2020-08-01T11:19:25","guid":{"rendered":"https:\/\/rb-pro.pl\/webinaria\/?page_id=502"},"modified":"2023-07-13T17:25:09","modified_gmt":"2023-07-13T17:25:09","slug":"jak-nie-byc-ratownikiem","status":"publish","type":"page","link":"https:\/\/rb-pro.pl\/webinaria\/jak-nie-byc-ratownikiem\/","title":{"rendered":"Jak nie by\u0107 ratownikiem"},"content":{"rendered":"<p>[et_pb_section fb_built=&#8221;1&#8243; admin_label=&#8221;Header&#8221; _builder_version=&#8221;4.16&#8243; custom_padding=&#8221;||0px|||&#8221; global_colors_info=&#8221;{}&#8221;][et_pb_row column_structure=&#8221;1_2,1_2&#8243; _builder_version=&#8221;4.16&#8243; locked=&#8221;off&#8221; global_colors_info=&#8221;{}&#8221;][et_pb_column type=&#8221;1_2&#8243; _builder_version=&#8221;4.16&#8243; custom_padding=&#8221;50px||||false|false&#8221; custom_padding_tablet=&#8221;0px||||false|false&#8221; custom_padding_phone=&#8221;&#8221; custom_padding_last_edited=&#8221;on|tablet&#8221; global_colors_info=&#8221;{}&#8221;][et_pb_divider color=&#8221;#f9ce6e&#8221; divider_position=&#8221;center&#8221; divider_weight=&#8221;1px&#8221; _builder_version=&#8221;4.16&#8243; width=&#8221;120px&#8221; height=&#8221;7px&#8221; box_shadow_style=&#8221;preset7&#8243; box_shadow_horizontal=&#8221;40px&#8221; box_shadow_vertical=&#8221;0px&#8221; box_shadow_color=&#8221;#f9ce6e&#8221; locked=&#8221;off&#8221; global_colors_info=&#8221;{}&#8221;][\/et_pb_divider][et_pb_text _builder_version=&#8221;4.16&#8243; header_4_font=&#8221;PT Sans|700||on|||||&#8221; header_4_text_color=&#8221;#ffc107&#8243; header_4_font_size=&#8221;11px&#8221; header_4_letter_spacing=&#8221;1px&#8221; custom_margin=&#8221;-38px|||130px|false|false&#8221; custom_padding=&#8221;||||false|false&#8221; locked=&#8221;off&#8221; global_colors_info=&#8221;{}&#8221;]<\/p>\n<h4>webinarium<\/h4>\n<p>[\/et_pb_text][et_pb_text _builder_version=&#8221;4.16&#8243; text_font=&#8221;PT Sans||||||||&#8221; text_font_size=&#8221;16px&#8221; text_line_height=&#8221;1.8em&#8221; header_font=&#8221;Playfair Display|700|||||||&#8221; header_font_size=&#8221;60px&#8221; header_line_height=&#8221;1.1em&#8221; header_font_size_tablet=&#8221;40px&#8221; header_font_size_phone=&#8221;30px&#8221; header_font_size_last_edited=&#8221;on|phone&#8221; locked=&#8221;off&#8221; global_colors_info=&#8221;{}&#8221;]<\/p>\n<h1><b>Jak nie by\u0107 ratownikiem\u00a0<\/b><\/h1>\n<h1><b>&#8211; webinarium dla tych, kt\u00f3rzy wspieraj\u0105 innych<\/b><\/h1>\n<p>Webinarium prowadz\u0105:<\/p>\n<p>Gosia Sta\u0144czyk, psycholog<\/p>\n<p>Agnieszka Stein, psycholog<\/p>\n<p>Termin<span style=\"font-size: 16px;\"> 19.07.2023 o 20:00<\/span><\/p>\n<p><span style=\"font-size: 16px;\">Czas trwania: oko\u0142o 90 minut<\/span><\/p>\n<p>&nbsp;<\/p>\n<p>&nbsp;<\/p>\n<p>&nbsp;<\/p>\n<p>&nbsp;<\/p>\n<p>[\/et_pb_text][\/et_pb_column][et_pb_column type=&#8221;1_2&#8243; _builder_version=&#8221;4.16&#8243; global_colors_info=&#8221;{}&#8221;][et_pb_image src=&#8221;https:\/\/rb-pro.pl\/webinaria\/wp-content\/uploads\/2020\/08\/Jak-nie-byc\u0301-ratownikiem-webinarium-dla-tych-kto\u0301rzy-wspieraja\u0328-innych-1.png&#8221; title_text=&#8221;Jak nie byc\u0301 ratownikiem &#8211; webinarium dla tych, kto\u0301rzy wspieraja\u0328 innych (1)&#8221; _builder_version=&#8221;4.16&#8243; background_image=&#8221;https:\/\/rb-pro.pl\/webinaria\/wp-content\/uploads\/2020\/03\/illus-04.png&#8221; max_height_last_edited=&#8221;off|tablet&#8221; custom_margin=&#8221;||30px||false|false&#8221; locked=&#8221;off&#8221; global_colors_info=&#8221;{}&#8221;][\/et_pb_image][\/et_pb_column][\/et_pb_row][\/et_pb_section][et_pb_section fb_built=&#8221;1&#8243; custom_padding_last_edited=&#8221;on|phone&#8221; admin_label=&#8221;Szko\u0142a Konsultacji&#8221; _builder_version=&#8221;4.16&#8243; background_color=&#8221;#007aff&#8221; custom_margin=&#8221;-33px|||||&#8221; custom_padding=&#8221;29px||29px||true|false&#8221; custom_padding_tablet=&#8221;60px||60px||true|false&#8221; custom_padding_phone=&#8221;40px||40px||true|false&#8221; locked=&#8221;off&#8221; global_colors_info=&#8221;{}&#8221;][et_pb_row column_structure=&#8221;2_3,1_3&#8243; _builder_version=&#8221;4.16&#8243; custom_padding=&#8221;0px|||||&#8221; global_colors_info=&#8221;{}&#8221;][et_pb_column type=&#8221;2_3&#8243; _builder_version=&#8221;4.16&#8243; global_colors_info=&#8221;{}&#8221;][et_pb_text _builder_version=&#8221;4.16&#8243; text_font=&#8221;PT Sans||||||||&#8221; text_text_color=&#8221;#ffffff&#8221; text_font_size=&#8221;16px&#8221; text_line_height=&#8221;1.8em&#8221; text_font_size_tablet=&#8221;&#8221; text_font_size_phone=&#8221;14px&#8221; text_font_size_last_edited=&#8221;on|desktop&#8221; locked=&#8221;off&#8221; global_colors_info=&#8221;{}&#8221;][\/et_pb_text][\/et_pb_column][et_pb_column type=&#8221;1_3&#8243; _builder_version=&#8221;4.16&#8243; global_colors_info=&#8221;{}&#8221;][\/et_pb_column][\/et_pb_row][et_pb_row _builder_version=&#8221;4.16&#8243; background_color=&#8221;#ffffff&#8221; custom_padding=&#8221;20px|20px|20px|20px|true|true&#8221; border_radii=&#8221;off|10px|10px||&#8221; border_width_all=&#8221;2px&#8221; border_color_all=&#8221;#eff1f2&#8243; border_width_bottom=&#8221;1px&#8221; global_colors_info=&#8221;{}&#8221;][et_pb_column type=&#8221;4_4&#8243; _builder_version=&#8221;4.16&#8243; global_colors_info=&#8221;{}&#8221;][et_pb_blurb title=&#8221;O webinarium&#8221; use_icon=&#8221;on&#8221; font_icon=&#8221;&#x41;||divi||400&#8243; icon_placement=&#8221;left&#8221; image_icon_width_tablet=&#8221;&#8221; image_icon_width_phone=&#8221;&#8221; image_icon_width_last_edited=&#8221;on|phone&#8221; _builder_version=&#8221;4.21.0&#8243; header_font=&#8221;Playfair Display|700|||||||&#8221; header_text_color=&#8221;#2A3749&#8243; header_font_size=&#8221;24px&#8221; header_line_height=&#8221;1.2em&#8221; body_font=&#8221;PT Sans||||||||&#8221; body_font_size=&#8221;16px&#8221; body_line_height=&#8221;1.8em&#8221; body_link_font=&#8221;PT Sans|700||on|||||&#8221; body_link_text_color=&#8221;#007aff&#8221; body_link_font_size=&#8221;13px&#8221; body_link_letter_spacing=&#8221;1px&#8221; hover_enabled=&#8221;0&#8243; header_font_size_tablet=&#8221;23px&#8221; header_font_size_phone=&#8221;18px&#8221; header_font_size_last_edited=&#8221;on|desktop&#8221; image_max_width_tablet=&#8221;&#8221; image_max_width_phone=&#8221;64px&#8221; image_max_width_last_edited=&#8221;on|phone&#8221; locked=&#8221;off&#8221; global_colors_info=&#8221;{}&#8221; sticky_enabled=&#8221;0&#8243;]<\/p>\n<p>W obszarze pomocy i wsparcia mocno obecna jest kultura \u201eratownika\u201d, czyli podej\u015bcie, w kt\u00f3rym pomaganie innym jest misj\u0105, a nie prac\u0105. Gdy wchodzimy w relacj\u0119 z miejsca \u201eratownika\u201d, mamy sk\u0142onno\u015b\u0107 pomaga\u0107 innym, przekraczaj\u0105c swoje mo\u017cliwo\u015bci i granice oraz zapominaj\u0105c o swoich potrzebach.<\/p>\n<p><span style=\"font-weight: 400;\">Z byciem ratownikiem wi\u0105\u017ce si\u0119 branie odpowiedzialno\u015bci za \u017cycie i decyzje innych ludzi i trudno\u015b\u0107\u00a0z rozr\u00f3\u017cnianiem granic w\u0142asnych i innych os\u00f3b. Pomoc z pozycji ratownika jest mniej skuteczna i bardziej frustruj\u0105ca. Niesie te\u017c du\u017co wi\u0119ksze ryzyko wypalenia zawodowego.<\/span><\/p>\n<p>Je\u017celi:<\/p>\n<ul>\n<li>nadu\u017cywasz siebie \u201edla dobra innych\u201d,<\/li>\n<li>wchodzisz w rol\u0119 s\u0119dziego,<\/li>\n<li>masz trudno\u015b\u0107 z braniem pieni\u0119dzy za swoj\u0105 prac\u0119,<\/li>\n<li>odczuwasz z\u0142o\u015b\u0107 na swoich klient\u00f3w, gdy nie chc\u0105 korzysta\u0107 z Twojej pomocy,<\/li>\n<li>widzisz swoich klient\u00f3w jako roszczeniowych,<\/li>\n<li>masz trudno\u015bci z szukaniem wsparcia i proszeniem o pomoc,<\/li>\n<li>do\u015bwiadczasz trudno\u015bci z odmawianiem klientom,<\/li>\n<li>dzia\u0142asz wbrew w\u0142asnym przekonaniom i zasadom, dlatego \u017ce klientom bardzo na tym zale\u017cy,<\/li>\n<\/ul>\n<p>mo\u017ce to oznacza\u0107, \u017ce wchodzisz w te sytuacje w roli \u201eratownika\u201d.<\/p>\n<ul><\/ul>\n<p>[\/et_pb_blurb][et_pb_blurb title=&#8221;Zagadnienia, kt\u00f3re b\u0119d\u0105 poruszane:&#8221; use_icon=&#8221;on&#8221; font_icon=&#8221;&#x41;||divi||400&#8243; icon_placement=&#8221;left&#8221; image_icon_width_tablet=&#8221;&#8221; image_icon_width_phone=&#8221;&#8221; image_icon_width_last_edited=&#8221;on|phone&#8221; _builder_version=&#8221;4.16&#8243; header_font=&#8221;Playfair Display|700|||||||&#8221; header_text_color=&#8221;#2A3749&#8243; header_font_size=&#8221;24px&#8221; header_line_height=&#8221;1.2em&#8221; body_font=&#8221;PT Sans||||||||&#8221; body_font_size=&#8221;16px&#8221; body_line_height=&#8221;1.8em&#8221; body_link_font=&#8221;PT Sans|700||on|||||&#8221; body_link_text_color=&#8221;#007aff&#8221; body_link_font_size=&#8221;13px&#8221; body_link_letter_spacing=&#8221;1px&#8221; header_font_size_tablet=&#8221;23px&#8221; header_font_size_phone=&#8221;18px&#8221; header_font_size_last_edited=&#8221;on|desktop&#8221; image_max_width_tablet=&#8221;&#8221; image_max_width_phone=&#8221;64px&#8221; image_max_width_last_edited=&#8221;on|phone&#8221; locked=&#8221;off&#8221; global_colors_info=&#8221;{}&#8221;]<\/p>\n<p><span style=\"font-weight: 400;\">\u2705 dobrostan specjalisty jego narz\u0119dziem pracy,<br \/><\/span><span style=\"font-weight: 400;\"><span>\u2705 <\/span>jak uwierzy\u0107 w zasoby i kompetencje klienta,<br \/><span>\u2705 <\/span><\/span><span style=\"font-weight: 400;\">jak pracowa\u0107, \u017ceby by\u0107 jak najmniej potrzebnym,<br \/><span>\u2705 <\/span><\/span><span style=\"font-weight: 400;\">jak wspiera\u0107 klient\u00f3w w braniu odpowiedzialno\u015bci za siebie,<br \/><span>\u2705 <\/span><\/span><span style=\"font-weight: 400;\">jak wzmacnia\u0107 kompetencje klient\u00f3w i ich \u015bwiadomo\u015b\u0107 posiadanych zasob\u00f3w,<br \/><span>\u2705 <\/span><\/span><span style=\"font-weight: 400;\">granice specjalisty i granice klienta,<br \/><span>\u2705 <\/span><\/span><span style=\"font-weight: 400;\">jak si\u0119 nie po\u015bwi\u0119ca\u0107,<br \/><span>\u2705\u00a0<\/span><\/span><span style=\"font-weight: 400;\">jak sformu\u0142owa\u0107 cel swojej pracy i odr\u00f3\u017cnia\u0107 cel sw\u00f3j i klienta,<br \/><span>\u2705 ko\u0142o zgody<\/span><\/span><span style=\"font-weight: 400;\">.<\/span><\/p>\n<p>&nbsp;<\/p>\n<p>[\/et_pb_blurb][et_pb_team_member name=&#8221;Agnieszka Stein&#8221; position=&#8221;psycholog&#8221; image_url=&#8221;https:\/\/rb-pro.pl\/webinaria\/wp-content\/uploads\/2020\/03\/agnieszka_stein.jpg&#8221; _builder_version=&#8221;4.16&#8243; global_colors_info=&#8221;{}&#8221;]<\/p>\n<p><span>Jestem psychologiem i autork\u0105 ksi\u0105\u017cek dla rodzic\u00f3w. Od 1999 roku udzielam indywidualnych konsultacji w sytuacjach w\u0105tpliwo\u015bci wychowawczych, pomagam w rozpoznawaniu wyzwa\u0144 rozwojowych i podpowiada, jak wspiera\u0107 dzieci przechodz\u0105ce przez r\u00f3\u017cne trudne dla nich sytuacje.\u00a0Wspieram psycholog\u00f3w, terapeut\u00f3w i nauczycieli w ich relacjach z dzie\u0107mi i rodzicami. Prowadz\u0119 warsztaty, superwizje i konsultacje. Pracuj\u0119 w Bliskim Miejscu w Warszawie. Pracuj\u0119 z\u00a0 profesjonalistami w ramach projektu\u00a0<\/span><a href=\"http:\/\/www.rb-pro.pl\/\">RB PRO (Rodzicielstwo blisko\u015bci dla profesjonalist\u00f3w)<\/a><span>.\u00a0<\/span><\/p>\n<p>[\/et_pb_team_member][et_pb_team_member name=&#8221;Gosia Sta\u0144czyk&#8221; position=&#8221;psycholog&#8221; image_url=&#8221;https:\/\/rb-pro.pl\/webinaria\/wp-content\/uploads\/2020\/03\/gosia_stanczyk.png&#8221; _builder_version=&#8221;4.16&#8243; global_colors_info=&#8221;{}&#8221;]<\/p>\n<p><span>Jestem psychologiem, mam\u0105 trojga dzieci. Wspieram rodzic\u00f3w i nauczycieli w poszukiwaniu wiedzy, narz\u0119dzi i sposob\u00f3w na satysfakcjonuj\u0105cy, oparty na szacunku kontakt z dzie\u0107mi. Udzielam\u00a0konsultacji psychologicznych w Bliskim Miejscu w Warszawie, prowadz\u0119 warsztaty dla rodzic\u00f3w,\u00a0<\/span><a href=\"http:\/\/www.gosiastanczyk.pl\/webinaria\/\" target=\"_blank\" rel=\"noopener noreferrer\">webinaria<\/a><span>\u00a0i superwizyjne spotkania dla nauczycieli. Jestem autork\u0105 ksi\u0105\u017cki \u201eRodze\u0144stwo\u201d. Pisz\u0119 blog po\u015bwi\u0119cony sprawom rodzicielstwa i rozwoju:\u00a0<\/span><a href=\"http:\/\/www.gosiastanczyk.pl\/\" target=\"_blank\" rel=\"noopener noreferrer\">www.gosiastanczyk.pl<\/a><span>.\u00a0<\/span><\/p>\n<p>&nbsp;<\/p>\n<p>[\/et_pb_team_member][\/et_pb_column][\/et_pb_row][et_pb_row _builder_version=&#8221;4.16&#8243; global_colors_info=&#8221;{}&#8221;][et_pb_column type=&#8221;4_4&#8243; _builder_version=&#8221;4.16&#8243; global_colors_info=&#8221;{}&#8221;][et_pb_text _builder_version=&#8221;4.16&#8243; global_colors_info=&#8221;{}&#8221;]<\/p>\n<h3><span style=\"color: #ffffff;\">Istnieje mo\u017cliwo\u015b\u0107 dost\u0119pu do pojedynczego webinarium (69 z\u0142) lub na dost\u0119p do tego webinarium razem z dost\u0119pem do wakacyjnego programu, w kt\u00f3rym odb\u0119dzie si\u0119 jeszcze webinarium o seksualno\u015bci (w sierpniu) oraz dost\u0119p do archiwalnych 24 webinar\u00f3w (199 z\u0142) na 3 miesi\u0105ce. Sprawd\u017a tematy, kt\u00f3re s\u0105 w pakiecie na tej stronie: <a href=\"https:\/\/rb-pro.pl\/webinaria\/\">https:\/\/rb-pro.pl\/webinaria\/<\/a><\/span><\/h3>\n<p>[\/et_pb_text][\/et_pb_column][\/et_pb_row][et_pb_row _builder_version=&#8221;4.16&#8243; global_colors_info=&#8221;{}&#8221;][et_pb_column type=&#8221;4_4&#8243; _builder_version=&#8221;4.16&#8243; global_colors_info=&#8221;{}&#8221;][et_pb_pricing_tables _builder_version=&#8221;4.21.0&#8243; global_colors_info=&#8221;{}&#8221;][et_pb_pricing_table featured=&#8221;on&#8221; title=&#8221;Wakacyjny program webinarowy dla profesjonalist\u00f3w&#8221; subtitle=&#8221;Ten webinar + webinar o seksualno\u015bci w sierpniu + 24 archiwalne webinary&#8221; sum=&#8221;199 z\u0142&#8221; button_url=&#8221;https:\/\/platformarozwojowa.pl\/zamowienie\/?add-to-cart=201480&#8243; button_text=&#8221;Zapisuj\u0119 si\u0119 na Wakacyjny program webinarowy dla profesjonalist\u00f3w&#8221; _builder_version=&#8221;4.21.0&#8243; global_colors_info=&#8221;{}&#8221; sticky_transition=&#8221;on&#8221;]<\/p>\n<p>Dost\u0119p do webinarium\u00a0Jak nie by\u0107 ratownikiem &#8211; webinarium dla tych, kt\u00f3rzy wspieraj\u0105 innych<\/p>\n<p>Dost\u0119p do webinarium \u201eSeksualno\u015b\u0107&#8221; Termin: 23.08.2023 (\u015broda) godz. 20:00<\/p>\n<p>Dost\u0119p do nagra\u0144 2 nowych webinarium<\/p>\n<p><strong>3-miesi\u0119czny dost\u0119p do biblioteki 24 webinar\u00f3w tematycznych<\/strong> &#8211; <a href=\"https:\/\/rb-pro.pl\/webinaria\/\" target=\"_blank\" rel=\"noopener noreferrer\">szczeg\u00f3\u0142owy spis i warunki dost\u0119pu<\/a>.<\/p>\n<p>[\/et_pb_pricing_table][et_pb_pricing_table title=&#8221;Pojedyncze webinarium&#8221; subtitle=&#8221;Jak nie by\u0107 ratownikiem  &#8211; webinarium dla tych, kt\u00f3rzy wspieraj\u0105 innych&#8221; sum=&#8221;69 z\u0142&#8221; button_url=&#8221;https:\/\/platformarozwojowa.pl\/zamowienie\/?add-to-cart=203017&#8243; button_text=&#8221;Zapisuj\u0119 si\u0119 na pojedyncze webinarium&#8221; _builder_version=&#8221;4.21.0&#8243; global_colors_info=&#8221;{}&#8221; sticky_transition=&#8221;on&#8221;]<\/p>\n<p>Dost\u0119p do pojedynczego webinarium (Jak nie by\u0107 ratownikiem &#8211; webinarium dla tych, kt\u00f3rzy wspieraj\u0105 innych)<\/p>\n<p>Mo\u017cliwo\u015b\u0107 udzia\u0142u na \u017cywo<\/p>\n<p>Dost\u0119p do nagrania przez minimum 2 lata<\/p>\n<p>[\/et_pb_pricing_table][\/et_pb_pricing_tables][\/et_pb_column][\/et_pb_row][\/et_pb_section][et_pb_section fb_built=&#8221;1&#8243; prev_background_color=&#8221;#007aff&#8221; next_background_color=&#8221;#ffffff&#8221; _builder_version=&#8221;4.16&#8243; background_color=&#8221;#f8f9fa&#8221; custom_padding=&#8221;160px||||false|false&#8221; top_divider_style=&#8221;wave&#8221; top_divider_height=&#8221;10vw&#8221; bottom_divider_style=&#8221;curve&#8221; locked=&#8221;off&#8221; global_colors_info=&#8221;{}&#8221;][\/et_pb_section]<\/p>\n","protected":false},"excerpt":{"rendered":"<p>webinariumJak nie by\u0107 ratownikiem\u00a0 &#8211; webinarium dla tych, kt\u00f3rzy wspieraj\u0105 innych Webinarium prowadz\u0105: Gosia Sta\u0144czyk, psycholog Agnieszka Stein, psycholog Termin 19.07.2023 o 20:00 Czas trwania: oko\u0142o 90 minut &nbsp; &nbsp; &nbsp; &nbsp;W obszarze pomocy i wsparcia mocno obecna jest kultura \u201eratownika\u201d, czyli podej\u015bcie, w kt\u00f3rym pomaganie innym jest misj\u0105, a nie prac\u0105. Gdy wchodzimy w [&hellip;]<\/p>\n","protected":false},"author":1,"featured_media":0,"parent":0,"menu_order":0,"comment_status":"closed","ping_status":"closed","template":"page-template-blank.php","meta":{"_et_pb_use_builder":"on","_et_pb_old_content":"","_et_gb_content_width":"","_mi_skip_tracking":false,"_monsterinsights_sitenote_active":false,"_monsterinsights_sitenote_note":"","_monsterinsights_sitenote_category":0,"footnotes":""},"_links":{"self":[{"href":"https:\/\/rb-pro.pl\/webinaria\/wp-json\/wp\/v2\/pages\/502"}],"collection":[{"href":"https:\/\/rb-pro.pl\/webinaria\/wp-json\/wp\/v2\/pages"}],"about":[{"href":"https:\/\/rb-pro.pl\/webinaria\/wp-json\/wp\/v2\/types\/page"}],"author":[{"embeddable":true,"href":"https:\/\/rb-pro.pl\/webinaria\/wp-json\/wp\/v2\/users\/1"}],"replies":[{"embeddable":true,"href":"https:\/\/rb-pro.pl\/webinaria\/wp-json\/wp\/v2\/comments?post=502"}],"version-history":[{"count":13,"href":"https:\/\/rb-pro.pl\/webinaria\/wp-json\/wp\/v2\/pages\/502\/revisions"}],"predecessor-version":[{"id":747,"href":"https:\/\/rb-pro.pl\/webinaria\/wp-json\/wp\/v2\/pages\/502\/revisions\/747"}],"wp:attachment":[{"href":"https:\/\/rb-pro.pl\/webinaria\/wp-json\/wp\/v2\/media?parent=502"}],"curies":[{"name":"wp","href":"https:\/\/api.w.org\/{rel}","templated":true}]}}